{"id":167,"date":"2018-08-13T07:11:58","date_gmt":"2018-08-13T07:11:58","guid":{"rendered":"https:\/\/cortilebudapesthotel.com\/?page_id=167"},"modified":"2024-09-25T12:54:48","modified_gmt":"2024-09-25T12:54:48","slug":"rolunk","status":"publish","type":"page","link":"https:\/\/cortilebudapesthotel.com\/hu\/rolunk\/","title":{"rendered":"R\u00f3lunk"},"content":{"rendered":"<section class=\"wpb-content-wrapper\">[vc_row el_class=&#8221;topslider&#8221;][vc_column el_class=&#8221;fullwidth&#8221;][tm_carousel_father theme=&#8221;content-over-slider&#8221; effect=&#8221;true&#8221; speed=&#8221;3500&#8243; dot=&#8221;false&#8221; arrow=&#8221;true&#8221;][tm_carousel_son titlesize=&#8221;35px&#8221; fontweight=&#8221;500&#8243; image_id=&#8221;2973&#8243; img_width=&#8221;100%&#8221; img_height=&#8221;600px&#8221; titleclr=&#8221;#ffffff&#8221; titlebgclr=&#8221;rgba(0,0,0,0.01)&#8221;][\/tm_carousel_son][\/tm_carousel_father][\/vc_column][\/vc_row][vc_row css_animation=&#8221;fadeIn&#8221; css=&#8221;.vc_custom_1543998537746{padding-top: 40px !important;padding-bottom: 0px !important;}&#8221;][vc_column css=&#8221;.vc_custom_1545040779753{margin-bottom: 20px !important;}&#8221;][vc_custom_heading text=&#8221;R\u00d3LUNK&#8221; font_container=&#8221;tag:h2|text_align:center|color:%235a8482&#8243; use_theme_fonts=&#8221;yes&#8221; css=&#8221;.vc_custom_1550058825045{margin-bottom: 40px !important;}&#8221;][vc_column_text]\n<p style=\"text-align: center;\">K\u00fcldet\u00e9s\u00fcnk az, hogy teljesen elb\u0171v\u00f6lj\u00fck vend\u00e9geinket \u00e9s minden ig\u00e9ny\u00fcket kiel\u00e9g\u00edts\u00fck.<\/p>\n<p style=\"text-align: center;\">Folyamatos fejleszt\u00e9seket v\u00e9gz\u00fcnk, megpr\u00f3b\u00e1ljuk fel\u00fclm\u00falni az elv\u00e1r\u00e1sokat, \u00e9s t\u00f6reksz\u00fcnk r\u00e1, hogy mindig az egyik legjobb sz\u00e1lloda legy\u00fcnk.<\/p>\n<p style=\"text-align: center;\">Els\u0151 hotel\u00fcnk, a <a href=\"https:\/\/www.casatibudapesthotel.com\" target=\"_blank\" rel=\"noopener\">CASATI HOTEL<\/a> sikere ut\u00e1n \u00fagy v\u00e9lj\u00fck, hogy j\u00f3 \u00faton haladunk.<\/p>\n<p style=\"text-align: center;\">Vend\u00e9geinknek a legjobb szem\u00e9lyes szolg\u00e1ltat\u00e1st biztos\u00edtjuk kedves \u00e9s nyugodt l\u00e9gk\u00f6rben.<\/p>\n<p style=\"text-align: center;\">Hisz\u00fcnk abban, hogy a legjobb szolg\u00e1ltat\u00e1st a megfelel\u0151 szem\u00e9lyzet \u00e9s a megfelel\u0151 helysz\u00edn egy\u00fcttes\u00e9vel lehet el\u00e9rni.<\/p>\n[\/vc_column_text][\/vc_column][\/vc_row][vc_row css_animation=&#8221;fadeIn&#8221; el_class=&#8221;wrappbigger&#8221; css=&#8221;.vc_custom_1543998515798{margin-bottom: 20px !important;}&#8221;][vc_column][vc_row_inner][vc_column_inner width=&#8221;1\/6&#8243;][vc_icon type=&#8221;icomoon&#8221; color=&#8221;custom&#8221; size=&#8221;xl&#8221; align=&#8221;center&#8221; custom_color=&#8221;#5a8482&#8243; icon_icomoon=&#8221;icomoon icomoon-reggeli&#8221; el_class=&#8221;cortile-icon-block&#8221;][vc_column_text]\n<h3 class=\"mega-info-title\" style=\"text-align: center;\"><span style=\"color: #5a8482;\">REGGELI<br \/>\n<\/span><\/h3>\n[\/vc_column_text][vc_column_text]<span lang=\"EN-GB\">Ingyenes, kontinent\u00e1lis reggeli.<\/span>[\/vc_column_text][\/vc_column_inner][vc_column_inner width=&#8221;1\/6&#8243;][vc_icon type=&#8221;icomoon&#8221; color=&#8221;custom&#8221; size=&#8221;xl&#8221; align=&#8221;center&#8221; custom_color=&#8221;#5a8482&#8243; icon_icomoon=&#8221;icomoon icomoon-wifi&#8221; el_class=&#8221;cortile-icon-block&#8221;][vc_column_text]\n<h3 class=\"mega-info-title\" style=\"text-align: center;\"><span style=\"color: #5a8482;\">WIFI<\/span><\/h3>\n[\/vc_column_text][vc_column_text]<span lang=\"EN-GB\">Ingyenes szupergyors Wi-Fi minden szob\u00e1ban, az eg\u00e9sz \u00e9p\u00fcletben.<\/span>[\/vc_column_text][\/vc_column_inner][vc_column_inner width=&#8221;1\/6&#8243;][vc_icon type=&#8221;icomoon&#8221; color=&#8221;custom&#8221; size=&#8221;xl&#8221; align=&#8221;center&#8221; custom_color=&#8221;#5a8482&#8243; icon_icomoon=&#8221;icomoon icomoon-AC&#8221; el_class=&#8221;cortile-icon-block&#8221;][vc_column_text]\n<h3 class=\"mega-info-title\" style=\"text-align: center;\"><span style=\"color: #5a8482;\">KL\u00cdMAVEZ\u00c9RL\u00c9S<\/span><\/h3>\n[\/vc_column_text][vc_column_text]Minden szoba \u00e9s az eg\u00e9sz l\u00e9tes\u00edtm\u00e9ny kl\u00edmavez\u00e9relt.<\/p>\n<p><span lang=\"EN-GB\">\u00a0<\/span>[\/vc_column_text][\/vc_column_inner][vc_column_inner width=&#8221;1\/6&#8243;][vc_icon type=&#8221;icomoon&#8221; color=&#8221;custom&#8221; size=&#8221;xl&#8221; align=&#8221;center&#8221; custom_color=&#8221;#5a8482&#8243; icon_icomoon=&#8221;icomoon icomoon-pool&#8221; el_class=&#8221;cortile-icon-block&#8221;][vc_column_text]\n<h3 class=\"mega-info-title\" style=\"text-align: center;\"><span style=\"color: #5a8482;\">MEDENCE<br \/>\n<\/span><\/h3>\n[\/vc_column_text][vc_column_text]<span lang=\"EN-GB\">Lazulj a tet\u0151t\u00e9ri medenc\u00e9n\u00e9l, \u00e9s \u00e9lj \u00e1t igaz\u00e1n romantikus pillanatokat a v\u00e1ros tetej\u00e9n!<\/span>[\/vc_column_text][\/vc_column_inner][vc_column_inner width=&#8221;1\/6&#8243;][vc_icon type=&#8221;icomoon&#8221; color=&#8221;custom&#8221; size=&#8221;xl&#8221; align=&#8221;center&#8221; custom_color=&#8221;#5a8482&#8243; icon_icomoon=&#8221;icomoon icomoon-nosmoke&#8221; el_class=&#8221;cortile-icon-block&#8221;][vc_column_text]\n<h3 class=\"mega-info-title\" style=\"text-align: center;\"><span style=\"color: #5a8482;\">NEMDOH\u00c1NYZ\u00d3<br \/>\n<\/span><\/h3>\n[\/vc_column_text][vc_column_text]<span lang=\"EN-GB\">A sz\u00e1llod\u00e1nk nem doh\u00e1nyz\u00f3 sz\u00e1ll\u00e1shely. A sz\u00e1llodai szob\u00e1kban, valamint a k\u00f6z\u00f6ss\u00e9gi terekben szigor\u00faan tilos a doh\u00e1nyz\u00e1s.<\/span>[\/vc_column_text][\/vc_column_inner][vc_column_inner width=&#8221;1\/6&#8243;][vc_icon type=&#8221;icomoon&#8221; color=&#8221;custom&#8221; size=&#8221;xl&#8221; align=&#8221;center&#8221; custom_color=&#8221;#5a8482&#8243; icon_icomoon=&#8221;icomoon icomoon-concierge&#8221; el_class=&#8221;cortile-icon-block&#8221;][vc_column_text]\n<h3 class=\"mega-info-title\" style=\"text-align: center;\"><span style=\"color: #5a8482;\">CONCIERGE<\/span><span style=\"color: #5a8482;\"><br \/>\n<\/span><\/h3>\n[\/vc_column_text][vc_column_text]Elk\u00f6telezett t\u00f6bbnyelv\u0171 csapatunk k\u00e9szen \u00e1ll arra, hogy m\u00e1r a meg\u00e9rkez\u00e9s el\u0151tt is seg\u00edts\u00e9get ny\u00fajtson.<\/p>\n<p><span lang=\"EN-GB\">\u00a0<\/span>[\/vc_column_text][\/vc_column_inner][\/vc_row_inner][\/vc_column][\/vc_row][vc_row css_animation=&#8221;fadeIn&#8221; el_class=&#8221;wrappbigger parallaxbg kockafent kockalent&#8221; css=&#8221;.vc_custom_1576505860721{padding-top: 100px !important;padding-bottom: 100px !important;background-image: url(https:\/\/cortilebudapesthotel.com\/wp-content\/uploads\/2019\/12\/Cortile-Budapest-Hotel-Moss-Junior-Suite-Boutique-Hotel-Design-Rooms-1_dark.jpg?id=3048) !important;}&#8221;][vc_column][vc_row_inner][vc_column_inner width=&#8221;1\/6&#8243;][vc_icon type=&#8221;icomoon&#8221; color=&#8221;white&#8221; size=&#8221;lg&#8221; align=&#8221;center&#8221; icon_icomoon=&#8221;icomoon icomoon-pipa&#8221; el_class=&#8221;cortile-icon-block&#8221;][vc_column_text]\n<h3 class=\"mega-info-title\" style=\"text-align: center;\"><span style=\"color: #ffffff;\">EGYEDI<br \/>\n<\/span><span style=\"color: #ffffff;\">DESIGN<br \/>\n<\/span><\/h3>\n[\/vc_column_text][vc_column_text]<span style=\"color: #ffffff;\">V\u00e1lassz a n\u00e9gy term\u00e9szet ihlette szobat\u00edpus k\u00f6z\u00fcl: a gazdag \u00e9s sz\u00ednes FLORA, a z\u00f6ld MOSS, a tiszta SKY vagy a meleg TERRA.<\/span>[\/vc_column_text][\/vc_column_inner][vc_column_inner width=&#8221;1\/6&#8243;][vc_icon type=&#8221;icomoon&#8221; color=&#8221;white&#8221; size=&#8221;lg&#8221; align=&#8221;center&#8221; icon_icomoon=&#8221;icomoon icomoon-pipa&#8221; el_class=&#8221;cortile-icon-block&#8221;][vc_column_text]\n<h3 class=\"mega-info-title\" style=\"text-align: center;\"><span style=\"color: #ffffff;\">K\u00d6ZPONTI<br \/>\n<\/span><span style=\"color: #ffffff;\">ELHELYEZKED\u00c9S<br \/>\n<\/span><\/h3>\n[\/vc_column_text][vc_column_text]<span style=\"color: #ffffff;\">A sz\u00e1lloda k\u00f6zponti elhelyezked\u00e9s\u0171, a v\u00e1ros kultur\u00e1lis csom\u00f3pontj\u00e1ban tal\u00e1lhat\u00f3, amely tele van n\u00e9pszer\u0171 romkocsm\u00e1kkal, turisztikai l\u00e1tv\u00e1nyoss\u00e1gokkal \u00e9s \u00e9ttermekkel.<\/span>[\/vc_column_text][\/vc_column_inner][vc_column_inner width=&#8221;1\/6&#8243;][vc_icon type=&#8221;icomoon&#8221; color=&#8221;white&#8221; size=&#8221;lg&#8221; align=&#8221;center&#8221; icon_icomoon=&#8221;icomoon icomoon-pipa&#8221; el_class=&#8221;cortile-icon-block&#8221;][vc_column_text]\n<h3 class=\"mega-info-title\" style=\"text-align: center;\"><span style=\"color: #ffffff;\">Z\u00d6LD<br \/>\n<\/span><span style=\"color: #ffffff;\">SZ\u00c1LLODA<br \/>\n<\/span><\/h3>\n[\/vc_column_text][vc_column_text]<span style=\"color: #ffffff;\">Meg\u00fajul\u00f3 geotermikus energia, az \u00fajrahasznos\u00edtott pap\u00edr \u00e9s a LED f\u00e9nyek haszn\u00e1lat\u00e1val elk\u00f6telezettek vagyunk a k\u00f6rnyezet\u00fcnk v\u00e9delme \u00e9rdek\u00e9ben.<\/span>[\/vc_column_text][\/vc_column_inner][vc_column_inner width=&#8221;1\/6&#8243;][vc_icon type=&#8221;icomoon&#8221; color=&#8221;white&#8221; size=&#8221;lg&#8221; align=&#8221;center&#8221; icon_icomoon=&#8221;icomoon icomoon-pipa&#8221; el_class=&#8221;cortile-icon-block&#8221;][vc_column_text]\n<h3 class=\"mega-info-title\" style=\"text-align: center;\"><span style=\"color: #ffffff;\">SZEM\u00c9LYES<br \/>\n<\/span><span style=\"color: #ffffff;\">KAPCSOLAT<br \/>\n<\/span><\/h3>\n[\/vc_column_text][vc_column_text]<span lang=\"EN-GB\" style=\"color: #ffffff;\">N\u00e1lunk a szem\u00e9lyes szolg\u00e1ltat\u00e1s az egyik legfontosabb priorit\u00e1s. C\u00e9lunk, hogy k\u00e9nyelmes \u00e9s bar\u00e1ts\u00e1gos l\u00e9gk\u00f6rt biztos\u00edtsunk sz\u00e1modra.<\/span>[\/vc_column_text][\/vc_column_inner][vc_column_inner width=&#8221;1\/6&#8243;][vc_icon type=&#8221;icomoon&#8221; color=&#8221;white&#8221; size=&#8221;lg&#8221; align=&#8221;center&#8221; icon_icomoon=&#8221;icomoon icomoon-pipa&#8221; el_class=&#8221;cortile-icon-block&#8221;][vc_column_text]\n<h3 class=\"mega-info-title\" style=\"text-align: center;\"><span style=\"color: #ffffff;\">FELN\u0150TT<br \/>\n<\/span><span style=\"color: #ffffff;\">BAR\u00c1T<br \/>\n<\/span><\/h3>\n[\/vc_column_text][vc_column_text]<span lang=\"EN-GB\" style=\"color: #ffffff;\">T\u00f6lts el k\u00fcl\u00f6nleges id\u0151t a szeretetteddel. Kiz\u00e1r\u00f3lag 14 \u00e9v feletti feln\u0151ttek sz\u00e1m\u00e1ra tervezve.<\/span>[\/vc_column_text][\/vc_column_inner][vc_column_inner width=&#8221;1\/6&#8243;][vc_icon type=&#8221;icomoon&#8221; color=&#8221;white&#8221; size=&#8221;lg&#8221; align=&#8221;center&#8221; icon_icomoon=&#8221;icomoon icomoon-pipa&#8221; el_class=&#8221;cortile-icon-block&#8221;][vc_column_text]\n<h3 class=\"mega-info-title\" style=\"text-align: center;\"><span style=\"color: #ffffff;\">BIZTONS\u00c1G<br \/>\n<\/span><span style=\"color: #ffffff;\">MINDENEKEL\u0150TT<\/span><\/h3>\n[\/vc_column_text][vc_column_text]<span style=\"color: #ffffff;\">A biztons\u00e1god els\u0151dleges fontoss\u00e1g\u00fa sz\u00e1munkra. Ellen\u0151rz\u00f6tt bej\u00e1rat csak enged\u00e9lyezett bel\u00e9p\u00e9ssel. A CCTV az eg\u00e9sz \u00e9p\u00fcletben m\u0171k\u00f6dik.<\/span>[\/vc_column_text][\/vc_column_inner][\/vc_row_inner][\/vc_column][\/vc_row][vc_row css_animation=&#8221;fadeIn&#8221; css=&#8221;.vc_custom_1543852345103{padding-top: 20px !important;padding-bottom: 40px !important;}&#8221;][vc_column][vc_icon type=&#8221;icomoon&#8221; color=&#8221;custom&#8221; size=&#8221;xl&#8221; align=&#8221;center&#8221; custom_color=&#8221;#5a8482&#8243; icon_icomoon=&#8221;icomoon icomoon-csengo&#8221;][vc_custom_heading text=&#8221;GARANT\u00c1LJUK A LEGJOBB \u00c1RAT!&#8221; font_container=&#8221;tag:h2|text_align:center|color:%235a8482&#8243; use_theme_fonts=&#8221;yes&#8221; css=&#8221;.vc_custom_1550059271067{margin-bottom: 20px !important;}&#8221;][vc_column_text]Nagyszer\u0171, megtal\u00e1ltad a legjobb m\u00f3dj\u00e1t annak, hogy lefoglald a szob\u00e1inkat. Biztos\u00edtsd most a foglal\u00e1st, \u00e9s fizess k\u00e9s\u0151bb![\/vc_column_text][vc_btn title=&#8221;FOGLALJ MOST \u00c9S FIZESS K\u00c9S\u0150BB&#8221; size=&#8221;lg&#8221; align=&#8221;center&#8221; el_class=&#8221;greenbtn&#8221; link=&#8221;url:https%3A%2F%2Fbe.synxis.com%2F%3Fchain%3D5375%26hotel%3D6578%26locale%3Dhu-HU|||&#8221;][\/vc_column][\/vc_row][vc_row equal_height=&#8221;yes&#8221; css_animation=&#8221;fadeIn&#8221; css=&#8221;.vc_custom_1543852363767{padding-top: 20px !important;padding-bottom: 20px !important;background-image: url(https:\/\/cortilebudapesthotel.com\/wp-content\/uploads\/2018\/11\/Cortile_Budapest_Hotel_Design-Boutique-Texture.jpg?id=1105) !important;}&#8221; el_class=&#8221;kockalent kockafent&#8221; el_id=&#8221;green-about&#8221;][vc_column][vc_custom_heading text=&#8221;Z\u00d6LD SZ\u00c1LLODA&#8221; font_container=&#8221;tag:h2|text_align:center|color:%23ffffff&#8221; use_theme_fonts=&#8221;yes&#8221; css=&#8221;.vc_custom_1550059357838{margin-bottom: 40px !important;}&#8221;][vc_row_inner equal_height=&#8221;yes&#8221; content_placement=&#8221;middle&#8221;][vc_column_inner width=&#8221;1\/3&#8243;][vc_icon type=&#8221;icomoon&#8221; color=&#8221;white&#8221; size=&#8221;xl&#8221; align=&#8221;center&#8221; icon_icomoon=&#8221;icomoon icomoon-green&#8221; el_class=&#8221;size-xxl&#8221;][\/vc_column_inner][vc_column_inner el_class=&#8221;feher&#8221; width=&#8221;2\/3&#8243;][vc_column_text]<span style=\"color: #ffffff;\">Elk\u00f6telezettek vagyunk a sz\u00e1llod\u00e1nk k\u00f6rnyezetre gyakorolt hat\u00e1s\u00e1nak cs\u00f6kkent\u00e9s\u00e9re. Ez\u00e9rt energia megtakar\u00edt\u00e1si \u00e9s k\u00f6rnyezetbar\u00e1t m\u00f3dszereket alkalmazunk a lehet\u0151 legkisebb hullad\u00e9k anyag el\u0151\u00e1ll\u00edt\u00e1s \u00e9s \u00f6kol\u00f3giai l\u00e1bnyomunk m\u00e9rs\u00e9kl\u00e9se \u00e9rdek\u00e9ben.<\/span><\/p>\n<p><span style=\"color: #ffffff;\">GEOTERMIKUS ENERGI\u00c1T haszn\u00e1lunk a f\u0171t\u00e9sre \u00e9s h\u0171t\u00e9sre.<\/span><\/p>\n<p><span style=\"color: #ffffff;\">PAP\u00cdRMENTES irod\u00e1t \u00fczemeltet\u00fcnk.<\/span><\/p>\n<p><span style=\"color: #ffffff;\">LED VIL\u00c1G\u00cdT\u00c1S hasznosul a sz\u00e1lloda eg\u00e9sz ter\u00fclet\u00e9n.<\/span><\/p>\n<p><span style=\"color: #ffffff;\">NAPKOLLEKTOROK biztos\u00edtj\u00e1k a forr\u00f3 v\u00edzhez haszn\u00e1lt energia egy r\u00e9sz\u00e9t.<\/span><\/p>\n<p><span style=\"color: #ffffff;\">K\u00d6RNYEZETBAR\u00c1T TISZT\u00cdT\u00d3SZEREKET haszn\u00e1lunk.<\/span><\/p>\n<p><span style=\"color: #ffffff;\">Csak \u00daJRAHASZNOS\u00cdTOTT PAP\u00cdRT haszn\u00e1lunk, amikor sz\u00fcks\u00e9ges.<\/span><\/p>\n<p><span style=\"color: #ffffff;\">HELYI TERMEL\u0150KT\u0150L v\u00e1s\u00e1roljuk a z\u00f6lds\u00e9geket \u00e9s a gy\u00fcm\u00f6lcs\u00f6ket.<\/span><\/p>\n<p><span style=\"color: #ffffff;\">FOLYAMATOSAN FIGYELEMMEL K\u00cdS\u00c9RJ\u00dcK energiafogyaszt\u00e1sainkat.<\/span><\/p>\n<p><span style=\"color: #ffffff;\">Z\u00d6LD MOSOD\u00c1BAN mosatjuk a szobai \u00e9s f\u00fcrd\u0151szobai text\u00edli\u00e1kat.<\/span><\/p>\n<p><span style=\"color: #ffffff;\">A VESZ\u00c9LYES HULLAD\u00c9KOKAT k\u00fcl\u00f6n hullad\u00e9kudvarban adjuk le.<\/span>[\/vc_column_text][\/vc_column_inner][\/vc_row_inner][\/vc_column][\/vc_row]\n<\/section>","protected":false},"excerpt":{"rendered":"<p>[vc_row el_class=&#8221;topslider&#8221;][vc_column el_class=&#8221;fullwidth&#8221;][tm_carousel_father theme=&#8221;content-over-slider&#8221; effect=&#8221;true&#8221; speed=&#8221;3500&#8243; dot=&#8221;false&#8221; arrow=&#8221;true&#8221;][tm_carousel_son titlesize=&#8221;35px&#8221; fontweight=&#8221;500&#8243; image_id=&#8221;2973&#8243; img_width=&#8221;100%&#8221; img_height=&#8221;600px&#8221; titleclr=&#8221;#ffffff&#8221; titlebgclr=&#8221;rgba(0,0,0,0.01)&#8221;][\/tm_carousel_son][\/tm_carousel_father][\/vc_column][\/vc_row][vc_row css_animation=&#8221;fadeIn&#8221; css=&#8221;.vc_custom_1543998537746{padding-top: 40px !important;padding-bottom: 0px !important;}&#8221;][vc_column css=&#8221;.vc_custom_1545040779753{margin-bottom: 20px !important;}&#8221;][vc_custom_heading text=&#8221;R\u00d3LUNK&#8221; font_container=&#8221;tag:h2|text_align:center|color:%235a8482&#8243; use_theme_fonts=&#8221;yes&#8221; css=&#8221;.vc_custom_1550058825045{margin-bottom: 40px !important;}&#8221;][vc_column_text] K\u00fcldet\u00e9s\u00fcnk az, hogy teljesen elb\u0171v\u00f6lj\u00fck vend\u00e9geinket \u00e9s minden ig\u00e9ny\u00fcket kiel\u00e9g\u00edts\u00fck. Folyamatos fejleszt\u00e9seket v\u00e9gz\u00fcnk, megpr\u00f3b\u00e1ljuk fel\u00fclm\u00falni az elv\u00e1r\u00e1sokat, \u00e9s t\u00f6reksz\u00fcnk r\u00e1, hogy mindig az egyik legjobb&#8230;<\/p>\n","protected":false},"author":3,"featured_media":0,"parent":0,"menu_order":0,"comment_status":"closed","ping_status":"closed","template":"","meta":{"_acf_changed":false,"footnotes":""},"acf":[],"aioseo_notices":[],"_links":{"self":[{"href":"https:\/\/cortilebudapesthotel.com\/hu\/wp-json\/wp\/v2\/pages\/167"}],"collection":[{"href":"https:\/\/cortilebudapesthotel.com\/hu\/wp-json\/wp\/v2\/pages"}],"about":[{"href":"https:\/\/cortilebudapesthotel.com\/hu\/wp-json\/wp\/v2\/types\/page"}],"author":[{"embeddable":true,"href":"https:\/\/cortilebudapesthotel.com\/hu\/wp-json\/wp\/v2\/users\/3"}],"replies":[{"embeddable":true,"href":"https:\/\/cortilebudapesthotel.com\/hu\/wp-json\/wp\/v2\/comments?post=167"}],"version-history":[{"count":182,"href":"https:\/\/cortilebudapesthotel.com\/hu\/wp-json\/wp\/v2\/pages\/167\/revisions"}],"predecessor-version":[{"id":5050,"href":"https:\/\/cortilebudapesthotel.com\/hu\/wp-json\/wp\/v2\/pages\/167\/revisions\/5050"}],"wp:attachment":[{"href":"https:\/\/cortilebudapesthotel.com\/hu\/wp-json\/wp\/v2\/media?parent=167"}],"curies":[{"name":"wp","href":"https:\/\/api.w.org\/{rel}","templated":true}]}}