{"id":347,"date":"2018-08-22T07:29:53","date_gmt":"2018-08-22T07:29:53","guid":{"rendered":"https:\/\/cortilebudapesthotel.com\/flora-copy\/"},"modified":"2025-03-28T15:38:44","modified_gmt":"2025-03-28T15:38:44","slug":"sky","status":"publish","type":"page","link":"https:\/\/cortilebudapesthotel.com\/hu\/sky\/","title":{"rendered":"SKY"},"content":{"rendered":"<section class=\"wpb-content-wrapper\">[vc_row el_class=&#8221;topslider roomslider&#8221;][vc_column el_class=&#8221;fullwidth&#8221;][tm_carousel_father theme=&#8221;content-over-slider&#8221; effect=&#8221;true&#8221; speed=&#8221;3500&#8243; arrowclr=&#8221;#ffffff&#8221; dot=&#8221;false&#8221; arrow=&#8221;true&#8221;][tm_carousel_son titlesize=&#8221;40px&#8221; fontweight=&#8221;600&#8243; image_id=&#8221;2866&#8243; img_darkness=&#8221;10&#8243; img_width=&#8221;100%&#8221; img_height=&#8221;500px&#8221; titleclr=&#8221;#99a53f&#8221; title=&#8221;SKY&#8221;][\/tm_carousel_son][\/tm_carousel_father][\/vc_column][\/vc_row][vc_row css=&#8221;.vc_custom_1534344864308{margin-top: 100px !important;}&#8221;][vc_column][vc_column_text]\n<p style=\"text-align: center;\">Ezek a szob\u00e1k t\u00e1gas szabads\u00e1g\u00e9rzettel rendelkeznek, a rep\u00fcl\u0151 feh\u00e9r felh\u0151k \u00e9s a friss k\u00e9k \u00e9g pedig mennyei aur\u00e1t teremt.<\/p>\n[\/vc_column_text][vc_row_inner disable_element=&#8221;yes&#8221; el_class=&#8221;szobatipus&#8221;][vc_column_inner][vc_column_text el_class=&#8221;kozepre&#8221;]<a class=\"mainbtn greentransparent aktiv\" style=\"margin-top: 25px;\" href=\"https:\/\/cortilebudapesthotel.com\/sky\/\">STANDARD<\/a><a class=\"mainbtn greentransparent\" style=\"margin-top: 25px;\" href=\"https:\/\/cortilebudapesthotel.com\/sky-deluxe\/\">DELUXE<\/a><a class=\"mainbtn greentransparent\" style=\"margin-top: 25px;\" href=\"https:\/\/cortilebudapesthotel.com\/sky-junior\/\">JUNIOR SUITE<\/a>[\/vc_column_text][\/vc_column_inner][\/vc_row_inner][\/vc_column][\/vc_row][vc_row el_class=&#8221;wrappbigger szobaikonok&#8221; css=&#8221;.vc_custom_1534426575105{margin-bottom: 50px !important;}&#8221;][vc_column][vc_row_inner][vc_column_inner el_class=&#8221;cortile-icon-block&#8221; width=&#8221;1\/4&#8243;][vc_icon type=&#8221;icomoon&#8221; color=&#8221;custom&#8221; size=&#8221;lg&#8221; align=&#8221;center&#8221; custom_color=&#8221;#007dbd&#8221; el_class=&#8221;cortile-icon-block&#8221; icon_icomoon=&#8221;icomoon icomoon-wifi&#8221;][vc_column_text]Wifi[\/vc_column_text][\/vc_column_inner][vc_column_inner el_class=&#8221;cortile-icon-block&#8221; width=&#8221;1\/4&#8243;][vc_icon type=&#8221;icomoon&#8221; color=&#8221;custom&#8221; size=&#8221;lg&#8221; align=&#8221;center&#8221; custom_color=&#8221;#007dbd&#8221; el_class=&#8221;cortile-icon-block&#8221; icon_icomoon=&#8221;icomoon icomoon-AC&#8221;][vc_column_text]Kl\u00edmavez\u00e9rl\u00e9s[\/vc_column_text][\/vc_column_inner][vc_column_inner el_class=&#8221;cortile-icon-block&#8221; width=&#8221;1\/4&#8243;][vc_icon type=&#8221;icomoon&#8221; color=&#8221;custom&#8221; size=&#8221;lg&#8221; align=&#8221;center&#8221; custom_color=&#8221;#007dbd&#8221; el_class=&#8221;cortile-icon-block&#8221; icon_icomoon=&#8221;icomoon icomoon-soundproof&#8221;][vc_column_text]Hangszigetelt[\/vc_column_text][\/vc_column_inner][vc_column_inner el_class=&#8221;cortile-icon-block&#8221; width=&#8221;1\/4&#8243;][vc_icon type=&#8221;icomoon&#8221; color=&#8221;custom&#8221; size=&#8221;lg&#8221; align=&#8221;center&#8221; custom_color=&#8221;#007dbd&#8221; el_class=&#8221;cortile-icon-block&#8221; icon_icomoon=&#8221;icomoon icomoon-tv&#8221;][vc_column_text]\n<div class=\"wpb_text_column wpb_content_element \">\n<div class=\"wpb_wrapper\">\n<p>Okos TV<\/p>\n<\/div>\n<\/div>\n[\/vc_column_text][\/vc_column_inner][\/vc_row_inner][vc_empty_space][vc_row_inner][vc_column_inner el_class=&#8221;cortile-icon-block&#8221; width=&#8221;1\/4&#8243;][vc_icon type=&#8221;icomoon&#8221; color=&#8221;custom&#8221; size=&#8221;lg&#8221; align=&#8221;center&#8221; custom_color=&#8221;#007dbd&#8221; el_class=&#8221;cortile-icon-block&#8221; icon_icomoon=&#8221;icomoon icomoon-shower&#8221;][vc_column_text]K\u00fcsz\u00f6b n\u00e9lk\u00fcli zuhany[\/vc_column_text][\/vc_column_inner][vc_column_inner el_class=&#8221;cortile-icon-block&#8221; width=&#8221;1\/4&#8243;][vc_icon type=&#8221;icomoon&#8221; color=&#8221;custom&#8221; size=&#8221;lg&#8221; align=&#8221;center&#8221; custom_color=&#8221;#007dbd&#8221; el_class=&#8221;cortile-icon-block&#8221; icon_icomoon=&#8221;icomoon icomoon-coffee&#8221;][vc_column_text]\n<div class=\"wpb_text_column wpb_content_element \">\n<div class=\"wpb_wrapper\">\n<p>Nespresso<\/p>\n<\/div>\n<\/div>\n[\/vc_column_text][\/vc_column_inner][vc_column_inner el_class=&#8221;cortile-icon-block&#8221; width=&#8221;1\/4&#8243;][vc_icon type=&#8221;icomoon&#8221; color=&#8221;custom&#8221; size=&#8221;lg&#8221; align=&#8221;center&#8221; custom_color=&#8221;#007dbd&#8221; el_class=&#8221;cortile-icon-block&#8221; icon_icomoon=&#8221;icomoon icomoon-kopeny&#8221;][vc_column_text]F\u00fcrd\u0151k\u00f6peny \u00e9s papucs[\/vc_column_text][\/vc_column_inner][vc_column_inner el_class=&#8221;cortile-icon-block&#8221; width=&#8221;1\/4&#8243;][vc_icon type=&#8221;icomoon&#8221; color=&#8221;custom&#8221; size=&#8221;lg&#8221; align=&#8221;center&#8221; custom_color=&#8221;#007dbd&#8221; el_class=&#8221;cortile-icon-block&#8221; icon_icomoon=&#8221;icomoon icomoon-kettle&#8221;][vc_column_text]V\u00edzforral\u00f3[\/vc_column_text][\/vc_column_inner][\/vc_row_inner][vc_empty_space][vc_row_inner][vc_column_inner el_class=&#8221;cortile-icon-block&#8221; width=&#8221;1\/4&#8243;][vc_icon type=&#8221;icomoon&#8221; color=&#8221;custom&#8221; size=&#8221;lg&#8221; align=&#8221;center&#8221; custom_color=&#8221;#007dbd&#8221; el_class=&#8221;cortile-icon-block&#8221; icon_icomoon=&#8221;icomoon icomoon-bed&#8221;][vc_column_text]\u00c1gy 180&#215;200 cm[\/vc_column_text][\/vc_column_inner][\/vc_row_inner][\/vc_column][\/vc_row][vc_row content_placement=&#8221;middle&#8221; css_animation=&#8221;fadeIn&#8221; el_class=&#8221;twosidesection righttext&#8221; css=&#8221;.vc_custom_1574341401529{background-image: url(https:\/\/cortilebudapesthotel.com\/wp-content\/uploads\/2019\/11\/Cortile-Budapest-Hotel-Sky-Double-Room-Boutique-Hotel-Design-Rooms-2-2.jpg?id=2861) !important;}&#8221;][vc_column el_class=&#8221;fullwidth&#8221;][vc_row_inner][vc_column_inner width=&#8221;1\/3&#8243;][\/vc_column_inner][vc_column_inner width=&#8221;1\/3&#8243;][\/vc_column_inner][vc_column_inner el_class=&#8221;textcontainer&#8221; width=&#8221;1\/3&#8243;][vc_custom_heading text=&#8221;MINDEN, AMIRE V\u00c1GYSZ&#8221; font_container=&#8221;tag:h2|text_align:left|color:%2399a53f&#8221; use_theme_fonts=&#8221;yes&#8221;][vc_column_text]Az eleg\u00e1ns, okos kialak\u00edt\u00e1s lehet\u0151v\u00e9 teszi, hogy a legt\u00f6bbet hozd ki a pihen\u00e9ssel t\u00f6lt\u00f6tt id\u0151db\u0151l. A t\u00e1gas szoba igazi k\u00e9nyelmet ny\u00fajt. Ez az, amire te is v\u00e1gysz. Az extra hangszigetel\u00e9s biztos\u00edtja a meg\u00e9rdemelt nyugalmat. Ezek a szob\u00e1k annyira kedveltek, hogy n\u00e9h\u00e1ny vend\u00e9g\u00fcnk nem is akarja elhagyni \u0151ket.[\/vc_column_text][\/vc_column_inner][\/vc_row_inner][\/vc_column][\/vc_row][vc_row css_animation=&#8221;slideInDown&#8221; css=&#8221;.vc_custom_1534426616548{margin-top: 40px !important;margin-bottom: 80px !important;}&#8221;][vc_column][vc_icon type=&#8221;icomoon&#8221; color=&#8221;custom&#8221; size=&#8221;xl&#8221; align=&#8221;center&#8221; custom_color=&#8221;#007dbd&#8221; icon_icomoon=&#8221;icomoon icomoon-csengo&#8221;][vc_custom_heading text=&#8221;GARANT\u00c1LJUK A LEGJOBB \u00c1RAT!&#8221; font_container=&#8221;tag:h2|text_align:center|color:%2399a53f&#8221; use_theme_fonts=&#8221;yes&#8221;][vc_column_text]\n<p style=\"text-align: center;\"><span class=\"textcontent\">Nagyszer\u0171, megtal\u00e1ltad a legjobb m\u00f3dj\u00e1t annak, hogy lefoglald a szob\u00e1inkat. Biztos\u00edtsd most a foglal\u00e1st, \u00e9s fizess k\u00e9s\u0151bb!<\/span><\/p>\n[\/vc_column_text][vc_btn title=&#8221;FOGLALJ K\u00d6ZVETLEN\u00dcL&#8221; color=&#8221;default&#8221; size=&#8221;lg&#8221; align=&#8221;center&#8221; link=&#8221;url:https%3A%2F%2Fbe.synxis.com%2F%3Fchain%3D5375%26hotel%3D6578%26locale%3Dhu-HU|||&#8221; el_class=&#8221;greenbtn&#8221;][\/vc_column][\/vc_row][vc_row content_placement=&#8221;middle&#8221; css_animation=&#8221;fadeIn&#8221; el_class=&#8221;twosidesection lefttext&#8221; css=&#8221;.vc_custom_1574341411962{background-image: url(https:\/\/cortilebudapesthotel.com\/wp-content\/uploads\/2019\/11\/Cortile-Budapest-Hotel-Sky-Double-Room-Boutique-Hotel-Design-Rooms-1.jpg?id=2856) !important;}&#8221;][vc_column el_class=&#8221;fullwidth&#8221;][vc_row_inner][vc_column_inner el_class=&#8221;textcontainer&#8221; width=&#8221;1\/3&#8243;][vc_custom_heading text=&#8221;MINDIG INGYENES&#8221; font_container=&#8221;tag:h2|text_align:left|color:%23eeee22&#8243; use_theme_fonts=&#8221;yes&#8221;][vc_column_text]\u2022 Nagy sebess\u00e9g\u0171 Wifi<br \/>\n\u2022 Sv\u00e9dasztalos reggeli<br \/>\n\u2022 Meleg vagy hideg \u00fcdv\u00f6zl\u0151ital<br \/>\n\u2022 Napi takar\u00edt\u00e1si szolg\u00e1ltat\u00e1s<br \/>\n\u2022 F\u00fcrd\u0151k\u00f6peny \u00e9s papucs<br \/>\n\u2022 Tet\u0151t\u00e9ri medence haszn\u00e1lat<br \/>\n\u2022 Nespresso, tea<br \/>\n[\/vc_column_text][\/vc_column_inner][vc_column_inner width=&#8221;1\/3&#8243;][\/vc_column_inner][vc_column_inner width=&#8221;1\/3&#8243;][\/vc_column_inner][\/vc_row_inner][\/vc_column][\/vc_row][vc_row][vc_column el_class=&#8221;fullwidth&#8221;]<div class=\"room-style-selector-with-text\">\n\t\t\t\t<div class=\"room-style-selector\" data-background-active=\"false\">\n\t\t\t\t\n\t\t\t\t\t<div class=\"rss-bg\"><div class=\"bg-item\" data-index=\"1\" style=\"background-image:url(https:\/\/cortilebudapesthotel.com\/wp-content\/uploads\/2019\/12\/Cortile-Budapest-Hotel-Flora-Suite-Boutique-Hotel-Design-Rooms-1.jpg);\"><\/div><div class=\"bg-item\" data-index=\"2\" style=\"background-image:url(https:\/\/cortilebudapesthotel.com\/wp-content\/uploads\/2019\/12\/Cortile-Budapest-Hotel-Moss-Deluxe-Room-Boutique-Hotel-Design-Rooms-1.jpg);\"><\/div><div class=\"bg-item\" data-index=\"3\" style=\"background-image:url(https:\/\/cortilebudapesthotel.com\/wp-content\/uploads\/2019\/12\/Cortile-Budapest-Hotel-Sky-Double-Room-Boutique-Hotel-Design-Rooms-2.jpg);\"><\/div><div class=\"bg-item\" data-index=\"4\" style=\"background-image:url(https:\/\/cortilebudapesthotel.com\/wp-content\/uploads\/2019\/11\/Cortile-Budapest-Hotel-Terra-Junior-Suite-Room-slider-1.jpg);\"><\/div><\/div>\n\t\t\t\t\t<div class=\"rss-fg\"><a class=\"fg-item\" data-index=\"1\" href=\"flora\" >\n\t\t\t\t\t\t\t\t<div class=\"fg-background\" style=\"background-image:url(https:\/\/cortilebudapesthotel.com\/wp-content\/uploads\/2019\/12\/Cortile-Budapest-Hotel-Flora-Suite-Boutique-Hotel-Design-Rooms-1.jpg);\"><\/div>\n\t\t\t\t\t\t\t\t<div class=\"fg-box\">\n\t\t\t\t\t\t\t\t\t<h3 class=\"fg-box-title\">FLORA<\/h3>\n\t\t\t\t\t\t\t\t\t<div class=\"fg-box-content\">Gazdag, Dzsungel, Sz\u00ednes<\/div>\n\t\t\t\t\t\t\t\t\t<div class=\"fg-box-lines\" style=\"border-color:#5a8482;background-color:#5a8482;\" ><\/div>\n\t\t\t\t\t\t\t\t<\/div>\n\t\t\t\t\t\t\t\t<div class=\"fg-box-overlay\" style=\"background-color:#5a8482;\"><\/div>\n\t\t\t\t\t\t\t<\/a><a class=\"fg-item\" data-index=\"2\" href=\"moss\" >\n\t\t\t\t\t\t\t\t<div class=\"fg-background\" style=\"background-image:url(https:\/\/cortilebudapesthotel.com\/wp-content\/uploads\/2019\/12\/Cortile-Budapest-Hotel-Moss-Deluxe-Room-Boutique-Hotel-Design-Rooms-1.jpg);\"><\/div>\n\t\t\t\t\t\t\t\t<div class=\"fg-box\">\n\t\t\t\t\t\t\t\t\t<h3 class=\"fg-box-title\">MOSS<\/h3>\n\t\t\t\t\t\t\t\t\t<div class=\"fg-box-content\">Z\u00f6ld, Medit\u00e1ci\u00f3, \u00c9rint\u00e9s<\/div>\n\t\t\t\t\t\t\t\t\t<div class=\"fg-box-lines\" style=\"border-color:#97a33e;background-color:#97a33e;\" ><\/div>\n\t\t\t\t\t\t\t\t<\/div>\n\t\t\t\t\t\t\t\t<div class=\"fg-box-overlay\" style=\"background-color:#97a33e;\"><\/div>\n\t\t\t\t\t\t\t<\/a><a class=\"fg-item\" data-index=\"3\" href=\"sky\" >\n\t\t\t\t\t\t\t\t<div class=\"fg-background\" style=\"background-image:url(https:\/\/cortilebudapesthotel.com\/wp-content\/uploads\/2019\/12\/Cortile-Budapest-Hotel-Sky-Double-Room-Boutique-Hotel-Design-Rooms-2.jpg);\"><\/div>\n\t\t\t\t\t\t\t\t<div class=\"fg-box\">\n\t\t\t\t\t\t\t\t\t<h3 class=\"fg-box-title\">SKY<\/h3>\n\t\t\t\t\t\t\t\t\t<div class=\"fg-box-content\">Z\u00f6ld, Medit\u00e1ci\u00f3, \u00c9rint\u00e9s<\/div>\n\t\t\t\t\t\t\t\t\t<div class=\"fg-box-lines\" style=\"border-color:#007dbd;background-color:#007dbd;\" ><\/div>\n\t\t\t\t\t\t\t\t<\/div>\n\t\t\t\t\t\t\t\t<div class=\"fg-box-overlay\" style=\"background-color:#007dbd;\"><\/div>\n\t\t\t\t\t\t\t<\/a><a class=\"fg-item\" data-index=\"4\" href=\"terra\" >\n\t\t\t\t\t\t\t\t<div class=\"fg-background\" style=\"background-image:url(https:\/\/cortilebudapesthotel.com\/wp-content\/uploads\/2019\/11\/Cortile-Budapest-Hotel-Terra-Junior-Suite-Room-slider-1.jpg);\"><\/div>\n\t\t\t\t\t\t\t\t<div class=\"fg-box\">\n\t\t\t\t\t\t\t\t\t<h3 class=\"fg-box-title\">TERRA<\/h3>\n\t\t\t\t\t\t\t\t\t<div class=\"fg-box-content\">F\u00f6ld, Sz\u00e9l, T\u0171z<\/div>\n\t\t\t\t\t\t\t\t\t<div class=\"fg-box-lines\" style=\"border-color:#ba441f;background-color:#ba441f;\" ><\/div>\n\t\t\t\t\t\t\t\t<\/div>\n\t\t\t\t\t\t\t\t<div class=\"fg-box-overlay\" style=\"background-color:#ba441f;\"><\/div>\n\t\t\t\t\t\t\t<\/a><\/div>\n\t\t\t\t\t<\/div>\n\t\t\t\t<div class=\"room-style-selector-text\">\n\t\t\t\t\t<div class=\"rss-content-div\">\n\t\t\t\t\t\t<h2>V\u00c1LASZD KI A ST\u00cdLUSOD!<\/h2>\n\t\t\t\t\t\t<div class=\"rss-content\">Tudjuk, hogy neh\u00e9z. Mindegyik szoba olyan nagyszer\u0171en n\u00e9z ki! Azonban kell lennie egynek, amely a legk\u00f6zelebb \u00e1ll hozz\u00e1d. K\u00e9rj\u00fck, tudasd ezt vel\u00fcnk foglal\u00e1skor. Vedd figyelembe, hogy bizonyos esetekben lehet, hogy nem tudjuk biztos\u00edtani a k\u00edv\u00e1nt szobast\u00edlust.<\/div>\n\t\t\t\t\t<\/div>\n\t\t\t\t<\/div>\n\t\t\t\t<\/div>[\/vc_column][\/vc_row]\n<\/section>","protected":false},"excerpt":{"rendered":"<p>[vc_row el_class=&#8221;topslider roomslider&#8221;][vc_column el_class=&#8221;fullwidth&#8221;][tm_carousel_father theme=&#8221;content-over-slider&#8221; effect=&#8221;true&#8221; speed=&#8221;3500&#8243; arrowclr=&#8221;#ffffff&#8221; dot=&#8221;false&#8221; arrow=&#8221;true&#8221;][tm_carousel_son titlesize=&#8221;40px&#8221; fontweight=&#8221;600&#8243; image_id=&#8221;2866&#8243; img_darkness=&#8221;10&#8243; img_width=&#8221;100%&#8221; img_height=&#8221;500px&#8221; titleclr=&#8221;#99a53f&#8221; title=&#8221;SKY&#8221;][\/tm_carousel_son][\/tm_carousel_father][\/vc_column][\/vc_row][vc_row css=&#8221;.vc_custom_1534344864308{margin-top: 100px !important;}&#8221;][vc_column][vc_column_text] Ezek a szob\u00e1k t\u00e1gas szabads\u00e1g\u00e9rzettel rendelkeznek, a rep\u00fcl\u0151 feh\u00e9r felh\u0151k \u00e9s a friss k\u00e9k \u00e9g pedig mennyei aur\u00e1t teremt. [\/vc_column_text][vc_row_inner disable_element=&#8221;yes&#8221; el_class=&#8221;szobatipus&#8221;][vc_column_inner][vc_column_text el_class=&#8221;kozepre&#8221;]STANDARDDELUXEJUNIOR SUITE[\/vc_column_text][\/vc_column_inner][\/vc_row_inner][\/vc_column][\/vc_row][vc_row el_class=&#8221;wrappbigger szobaikonok&#8221; css=&#8221;.vc_custom_1534426575105{margin-bottom: 50px !important;}&#8221;][vc_column][vc_row_inner][vc_column_inner el_class=&#8221;cortile-icon-block&#8221; width=&#8221;1\/4&#8243;][vc_icon type=&#8221;icomoon&#8221; color=&#8221;custom&#8221; size=&#8221;lg&#8221;&#8230;<\/p>\n","protected":false},"author":3,"featured_media":0,"parent":0,"menu_order":0,"comment_status":"closed","ping_status":"closed","template":"page-templates\/sky.php","meta":{"_acf_changed":false,"footnotes":""},"acf":[],"aioseo_notices":[],"_links":{"self":[{"href":"https:\/\/cortilebudapesthotel.com\/hu\/wp-json\/wp\/v2\/pages\/347"}],"collection":[{"href":"https:\/\/cortilebudapesthotel.com\/hu\/wp-json\/wp\/v2\/pages"}],"about":[{"href":"https:\/\/cortilebudapesthotel.com\/hu\/wp-json\/wp\/v2\/types\/page"}],"author":[{"embeddable":true,"href":"https:\/\/cortilebudapesthotel.com\/hu\/wp-json\/wp\/v2\/users\/3"}],"replies":[{"embeddable":true,"href":"https:\/\/cortilebudapesthotel.com\/hu\/wp-json\/wp\/v2\/comments?post=347"}],"version-history":[{"count":61,"href":"https:\/\/cortilebudapesthotel.com\/hu\/wp-json\/wp\/v2\/pages\/347\/revisions"}],"predecessor-version":[{"id":5105,"href":"https:\/\/cortilebudapesthotel.com\/hu\/wp-json\/wp\/v2\/pages\/347\/revisions\/5105"}],"wp:attachment":[{"href":"https:\/\/cortilebudapesthotel.com\/hu\/wp-json\/wp\/v2\/media?parent=347"}],"curies":[{"name":"wp","href":"https:\/\/api.w.org\/{rel}","templated":true}]}}