{"id":4370,"date":"2023-06-27T12:16:06","date_gmt":"2023-06-27T12:16:06","guid":{"rendered":"https:\/\/cortilebudapesthotel.com\/?page_id=4370"},"modified":"2025-09-30T05:18:29","modified_gmt":"2025-09-30T05:18:29","slug":"cortile-sky-barpool","status":"publish","type":"page","link":"https:\/\/cortilebudapesthotel.com\/hu\/cortile-sky-barpool\/","title":{"rendered":"Cortile Sky Bar&#038;Pool"},"content":{"rendered":"<section class=\"wpb-content-wrapper\">[vc_row el_class=&#8221;topslider&#8221;][vc_column el_class=&#8221;fullwidth&#8221;][tm_carousel_father theme=&#8221;content-over-slider&#8221; effect=&#8221;true&#8221; speed=&#8221;3500&#8243; dot=&#8221;false&#8221; arrow=&#8221;true&#8221;][tm_carousel_son titlesize=&#8221;35px&#8221; fontweight=&#8221;500&#8243; image_id=&#8221;3153&#8243; img_width=&#8221;100%&#8221; img_height=&#8221;600px&#8221; titleclr=&#8221;#ffffff&#8221; titlebgclr=&#8221;rgba(0,0,0,0.01)&#8221; logo_id=&#8221;3147&#8243; img_darkness=&#8221;50&#8243;][\/tm_carousel_son][\/tm_carousel_father][\/vc_column][\/vc_row][vc_row css_animation=&#8221;fadeIn&#8221; css=&#8221;.vc_custom_1543998537746{padding-top: 40px !important;padding-bottom: 0px !important;}&#8221;][vc_column css=&#8221;.vc_custom_1545040779753{margin-bottom: 20px !important;}&#8221;][vc_btn title=&#8221;ASZTAL FOGLAL\u00c1S&#8221; align=&#8221;center&#8221; link=&#8221;url:https%3A%2F%2Fcortile-skybar.resos.com%2Fbooking%3F_ga%3D2.13467831.1804545577.1680766067-898713147.1679981101|target:_blank&#8221;][vc_custom_heading text=&#8221;&#8221; font_container=&#8221;tag:p|text_align:center|color:%235a8482&#8243; use_theme_fonts=&#8221;yes&#8221; css=&#8221;.vc_custom_1591693865792{margin-bottom: 40px !important;}&#8221;][vc_column_text]\n<p style=\"text-align: center;\">V\u00e1runk sok szeretettel Budapest leg\u00fajabb roof top b\u00e1rj\u00e1ba, ahol bar\u00e1taid \u00e9s kedvenc italod mellett \u00e9lvezheted a kivil\u00e1g\u00edtott v\u00e1ros l\u00e1tv\u00e1ny\u00e1t \u00e9s a h\u00e1ztet\u0151k romantik\u00e1j\u00e1t. Ha van kedved, gyere kor\u00e1bban, m\u00e1r 16 \u00f3r\u00e1t\u00f3l nyitva vagyunk \u00e9s t\u00f6ltsd a d\u00e9lut\u00e1nt napoz\u00e1ssal, \u00e9s \u00fasz\u00e1ssal az infinity medenc\u00e9nkben. Ha esetleg nem tudn\u00e1l \u00faszni \u00e9s zavar a 140 cm m\u00e9lys\u00e9g, akkor fek\u00fcdj r\u00e1 az egyik v\u00edzfelsz\u00ednen lebeg\u0151 sz\u00ednes p\u00e1rn\u00e1k egyik\u00e9re! Italodat elfogyaszthatod a teraszunkon vagy ak\u00e1r a medence partj\u00e1n egy napoz\u00f3\u00e1gyon is. 14 \u00e9v alatti gyerekeket sajnos nem tudunk kiszolg\u00e1lni.<\/p>\n<p style=\"text-align: center;\"><strong>B\u00e1runkba a bel\u00e9p\u00e9s ingyenes, de foglal\u00e1shoz k\u00f6t\u00f6tt<\/strong><\/p>\n<p style=\"text-align: center;\">Csoportos foglal\u00e1s maximum 10 f\u0151ig.<\/p>\n<p style=\"text-align: center;\"><strong><span class=\"\" title=\"\">Nem sz\u00e1ll\u00f3vend\u00e9geknek a medencehaszn\u00e1lati d\u00edj 10,000 Ft\/f\u0151, ami tartalmaz egy welcome drinket \u00e9s t\u00f6r\u00f6lk\u00f6z\u0151haszn\u00e1latot.<\/span><\/strong><\/p>\n<p style=\"text-align: center;\">Asztalfoglal\u00e1s: +36 30 2884 683<\/p>\n<p style=\"text-align: center;\">Nyitvatart\u00e1s:<\/p>\n<p style=\"text-align: center;\">Minden nap: 16:00 &#8211; 22:00<\/p>\n[\/vc_column_text][\/vc_column][\/vc_row][vc_row css_animation=&#8221;fadeIn&#8221; css=&#8221;.vc_custom_1543852345103{padding-top: 20px !important;padding-bottom: 40px !important;}&#8221;][vc_column][vc_custom_heading text=&#8221;Tekintsd meg itallapunkat.&#8221; font_container=&#8221;tag:h2|text_align:center|color:%235a8482&#8243; use_theme_fonts=&#8221;yes&#8221; css=&#8221;.vc_custom_1591693498130{margin-bottom: 20px !important;}&#8221;][vc_column_text][\/vc_column_text][vc_btn title=&#8221;ITALLAP&#8221; size=&#8221;lg&#8221; align=&#8221;center&#8221; el_class=&#8221;greenbtn&#8221; link=&#8221;url:https%3A%2F%2Fcortilebudapesthotel.com%2Fwp-content%2Fuploads%2F2025%2F07%2FCORTILE_SkyBar_2025_June_Itallap_10x16cm_OK_web_oldalak.pdf|target:_blank&#8221;][\/vc_column][\/vc_row][vc_row css_animation=&#8221;fadeIn&#8221; disable_element=&#8221;yes&#8221; el_class=&#8221;wrappbigger&#8221; css=&#8221;.vc_custom_1591643962767{margin-bottom: 20px !important;}&#8221;][vc_column][vc_row_inner][vc_column_inner width=&#8221;1\/6&#8243;][vc_icon type=&#8221;icomoon&#8221; color=&#8221;custom&#8221; size=&#8221;xl&#8221; align=&#8221;center&#8221; custom_color=&#8221;#5a8482&#8243; icon_icomoon=&#8221;icomoon icomoon-reggeli&#8221; el_class=&#8221;cortile-icon-block&#8221;][vc_column_text]\n<h3 class=\"mega-info-title\" style=\"text-align: center;\"><span style=\"color: #5a8482;\">BREAKFAST<br \/>\n<\/span><\/h3>\n[\/vc_column_text][vc_column_text]<span lang=\"EN-GB\">Free full-buffet breakfast including freshly baked pastries, hot and cold dishes as well as a variety of fruit and vegetables.<\/span>[\/vc_column_text][\/vc_column_inner][vc_column_inner width=&#8221;1\/6&#8243;][vc_icon type=&#8221;icomoon&#8221; color=&#8221;custom&#8221; size=&#8221;xl&#8221; align=&#8221;center&#8221; custom_color=&#8221;#5a8482&#8243; icon_icomoon=&#8221;icomoon icomoon-wifi&#8221; el_class=&#8221;cortile-icon-block&#8221;][vc_column_text]\n<h3 class=\"mega-info-title\" style=\"text-align: center;\"><span style=\"color: #5a8482;\">WIFI<\/span><\/h3>\n[\/vc_column_text][vc_column_text]<span lang=\"EN-GB\">Free superfast Wi-Fi in all rooms and in the entire building.<\/span>[\/vc_column_text][\/vc_column_inner][vc_column_inner width=&#8221;1\/6&#8243;][vc_icon type=&#8221;icomoon&#8221; color=&#8221;custom&#8221; size=&#8221;xl&#8221; align=&#8221;center&#8221; custom_color=&#8221;#5a8482&#8243; icon_icomoon=&#8221;icomoon icomoon-AC&#8221; el_class=&#8221;cortile-icon-block&#8221;][vc_column_text]\n<h3 class=\"mega-info-title\" style=\"text-align: center;\"><span style=\"color: #5a8482;\">A\/C<\/span><\/h3>\n[\/vc_column_text][vc_column_text]<span lang=\"EN-GB\">Enjoy the climate you prefer. The entire facility and all rooms are air-conditioned.<\/span>[\/vc_column_text][\/vc_column_inner][vc_column_inner width=&#8221;1\/6&#8243;][vc_icon type=&#8221;icomoon&#8221; color=&#8221;custom&#8221; size=&#8221;xl&#8221; align=&#8221;center&#8221; custom_color=&#8221;#5a8482&#8243; icon_icomoon=&#8221;icomoon icomoon-pool&#8221; el_class=&#8221;cortile-icon-block&#8221;][vc_column_text]\n<h3 class=\"mega-info-title\" style=\"text-align: center;\"><span style=\"color: #5a8482;\">POOL<br \/>\n<\/span><\/h3>\n[\/vc_column_text][vc_column_text]<span lang=\"EN-GB\">Chill out on the roof-top pool and have truly romantic moments above the roofs of Budapest!<\/span>[\/vc_column_text][\/vc_column_inner][vc_column_inner width=&#8221;1\/6&#8243;][vc_icon type=&#8221;icomoon&#8221; color=&#8221;custom&#8221; size=&#8221;xl&#8221; align=&#8221;center&#8221; custom_color=&#8221;#5a8482&#8243; icon_icomoon=&#8221;icomoon icomoon-nosmoke&#8221; el_class=&#8221;cortile-icon-block&#8221;][vc_column_text]\n<h3 class=\"mega-info-title\" style=\"text-align: center;\"><span style=\"color: #5a8482;\">NON-SMOKING<br \/>\n<\/span><\/h3>\n[\/vc_column_text][vc_column_text]<span lang=\"EN-GB\">We are a non-smoking hotel. It is prohibited to smoke in rooms and public areas.<\/span>[\/vc_column_text][\/vc_column_inner][vc_column_inner width=&#8221;1\/6&#8243;][vc_icon type=&#8221;icomoon&#8221; color=&#8221;custom&#8221; size=&#8221;xl&#8221; align=&#8221;center&#8221; custom_color=&#8221;#5a8482&#8243; icon_icomoon=&#8221;icomoon icomoon-concierge&#8221; el_class=&#8221;cortile-icon-block&#8221;][vc_column_text]\n<h3 class=\"mega-info-title\" style=\"text-align: center;\"><span style=\"color: #5a8482;\">CONCIERGE<\/span><span style=\"color: #5a8482;\"><br \/>\n<\/span><\/h3>\n[\/vc_column_text][vc_column_text]<span lang=\"EN-GB\">Have things arranged to your convenience. Our dedicated multilingual team are ready to help you even before you arrive.<\/span>[\/vc_column_text][\/vc_column_inner][\/vc_row_inner][\/vc_column][\/vc_row][vc_row full_height=&#8221;yes&#8221; css_animation=&#8221;fadeIn&#8221; el_class=&#8221;wrappbigger parallaxbg kockafent kockalent&#8221; css=&#8221;.vc_custom_1591694114057{padding-top: 100px !important;padding-bottom: 100px !important;background-image: url(https:\/\/cortilebudapesthotel.com\/wp-content\/uploads\/2020\/06\/cortile_sky_bar_and_pool2.jpg?id=3159) !important;}&#8221;][vc_column][vc_row_inner disable_element=&#8221;yes&#8221;][vc_column_inner width=&#8221;1\/6&#8243;][vc_icon type=&#8221;icomoon&#8221; color=&#8221;white&#8221; size=&#8221;lg&#8221; align=&#8221;center&#8221; icon_icomoon=&#8221;icomoon icomoon-pipa&#8221; el_class=&#8221;cortile-icon-block&#8221;][vc_column_text]\n<h3 class=\"mega-info-title\" style=\"text-align: center;\"><span style=\"color: #ffffff;\">UNIQUE<br \/>\n<\/span><span style=\"color: #ffffff;\">DESIGN<br \/>\n<\/span><\/h3>\n[\/vc_column_text][vc_column_text]<span style=\"color: #ffffff;\">Choose between the four nature-inspired room styles: the rich and colourful FLORA, the green MOSS, the pure SKY or the warm TERRA. <\/span>[\/vc_column_text][\/vc_column_inner][vc_column_inner width=&#8221;1\/6&#8243;][vc_icon type=&#8221;icomoon&#8221; color=&#8221;white&#8221; size=&#8221;lg&#8221; align=&#8221;center&#8221; icon_icomoon=&#8221;icomoon icomoon-pipa&#8221; el_class=&#8221;cortile-icon-block&#8221;][vc_column_text]\n<h3 class=\"mega-info-title\" style=\"text-align: center;\"><span style=\"color: #ffffff;\">CENTRAL<br \/>\n<\/span><span style=\"color: #ffffff;\">LOCATION<br \/>\n<\/span><\/h3>\n[\/vc_column_text][vc_column_text]<span style=\"color: #ffffff;\">The hotel is centrally located in a lively culture hub full of popular ruin pubs, tourist sights, and restaurants, all within walking distance.<\/span>[\/vc_column_text][\/vc_column_inner][vc_column_inner width=&#8221;1\/6&#8243;][vc_icon type=&#8221;icomoon&#8221; color=&#8221;white&#8221; size=&#8221;lg&#8221; align=&#8221;center&#8221; icon_icomoon=&#8221;icomoon icomoon-pipa&#8221; el_class=&#8221;cortile-icon-block&#8221;][vc_column_text]\n<h3 class=\"mega-info-title\" style=\"text-align: center;\"><span style=\"color: #ffffff;\">ECO<br \/>\n<\/span><span style=\"color: #ffffff;\">FRIENDLY<br \/>\n<\/span><\/h3>\n[\/vc_column_text][vc_column_text]<span style=\"color: #ffffff;\">We are dedicated to green and sustainable practices, using geothermal energy, recycled paper and LED lights.<\/span>[\/vc_column_text][\/vc_column_inner][vc_column_inner width=&#8221;1\/6&#8243;][vc_icon type=&#8221;icomoon&#8221; color=&#8221;white&#8221; size=&#8221;lg&#8221; align=&#8221;center&#8221; icon_icomoon=&#8221;icomoon icomoon-pipa&#8221; el_class=&#8221;cortile-icon-block&#8221;][vc_column_text]\n<h3 class=\"mega-info-title\" style=\"text-align: center;\"><span style=\"color: #ffffff;\">PERSONAL<br \/>\n<\/span><span style=\"color: #ffffff;\">TOUCH<br \/>\n<\/span><\/h3>\n[\/vc_column_text][vc_column_text]<span lang=\"EN-GB\" style=\"color: #ffffff;\">Personal service is one of our top priorities. We are dedicated to ensuring you a comfortable and friendly atmosphere.<\/span>[\/vc_column_text][\/vc_column_inner][vc_column_inner width=&#8221;1\/6&#8243;][vc_icon type=&#8221;icomoon&#8221; color=&#8221;white&#8221; size=&#8221;lg&#8221; align=&#8221;center&#8221; icon_icomoon=&#8221;icomoon icomoon-pipa&#8221; el_class=&#8221;cortile-icon-block&#8221;][vc_column_text]\n<h3 class=\"mega-info-title\" style=\"text-align: center;\"><span style=\"color: #ffffff;\">ADULTS<br \/>\n<\/span><span style=\"color: #ffffff;\">ONLY<br \/>\n<\/span><\/h3>\n[\/vc_column_text][vc_column_text]<span lang=\"EN-GB\" style=\"color: #ffffff;\">Get some special time together with your loved one. Exclusively designed for people above 14 years \u00a0of age..<\/span>[\/vc_column_text][\/vc_column_inner][vc_column_inner width=&#8221;1\/6&#8243;][vc_icon type=&#8221;icomoon&#8221; color=&#8221;white&#8221; size=&#8221;lg&#8221; align=&#8221;center&#8221; icon_icomoon=&#8221;icomoon icomoon-pipa&#8221; el_class=&#8221;cortile-icon-block&#8221;][vc_column_text]\n<h3 class=\"mega-info-title\" style=\"text-align: center;\"><span style=\"color: #ffffff;\">SAFETY<br \/>\n<\/span><span style=\"color: #ffffff;\">FIRST<\/span><\/h3>\n[\/vc_column_text][vc_column_text]<span style=\"color: #ffffff;\">Your safety is top priority for us. Controlled main entrance\u00a0 for authorized access only. The entire building is covered by CCTV.<\/span>[\/vc_column_text][\/vc_column_inner][\/vc_row_inner][\/vc_column][\/vc_row][vc_row css_animation=&#8221;fadeIn&#8221; disable_element=&#8221;yes&#8221; css=&#8221;.vc_custom_1591693528393{padding-top: 20px !important;padding-bottom: 40px !important;}&#8221;][vc_column][vc_icon type=&#8221;typicons&#8221; icon_typicons=&#8221;typcn typcn-wine&#8221; color=&#8221;custom&#8221; size=&#8221;xl&#8221; align=&#8221;center&#8221; custom_color=&#8221;#5a8482&#8243;][vc_custom_heading text=&#8221;Tekintsd meg itallapunkat.&#8221; font_container=&#8221;tag:h2|text_align:center|color:%235a8482&#8243; use_theme_fonts=&#8221;yes&#8221; css=&#8221;.vc_custom_1591693498130{margin-bottom: 20px !important;}&#8221;][vc_column_text][\/vc_column_text][vc_btn title=&#8221;ITALLAP&#8221; size=&#8221;lg&#8221; align=&#8221;center&#8221; el_class=&#8221;greenbtn&#8221; link=&#8221;url:https%3A%2F%2Fcortilebudapesthotel.com%2Fitallap.pdf||target:%20_blank|&#8221;][\/vc_column][\/vc_row][vc_row equal_height=&#8221;yes&#8221; css_animation=&#8221;fadeIn&#8221; disable_element=&#8221;yes&#8221; css=&#8221;.vc_custom_1591643973293{padding-top: 20px !important;padding-bottom: 20px !important;background-image: url(https:\/\/cortilebudapesthotel.com\/wp-content\/uploads\/2018\/11\/Cortile_Budapest_Hotel_Design-Boutique-Texture.jpg?id=1105) !important;}&#8221; el_class=&#8221;kockalent kockafent&#8221; el_id=&#8221;green-about&#8221;][vc_column][vc_custom_heading text=&#8221;GREEN HOTEL&#8221; font_container=&#8221;tag:h2|text_align:center|color:%23ffffff&#8221; use_theme_fonts=&#8221;yes&#8221; css=&#8221;.vc_custom_1541762401538{margin-bottom: 40px !important;}&#8221;][vc_row_inner equal_height=&#8221;yes&#8221; content_placement=&#8221;middle&#8221;][vc_column_inner width=&#8221;1\/3&#8243;][vc_icon type=&#8221;icomoon&#8221; color=&#8221;white&#8221; size=&#8221;xl&#8221; align=&#8221;center&#8221; icon_icomoon=&#8221;icomoon icomoon-green&#8221; el_class=&#8221;size-xxl&#8221;][\/vc_column_inner][vc_column_inner el_class=&#8221;feher&#8221; width=&#8221;2\/3&#8243;][vc_column_text]<span style=\"color: #ffffff;\">We are dedicated to reducing the impact of our hotel on the environment. Consequently, we do our best to implement energy-saving practices, environmentally-friendly methods and produce the least possible waste material.<\/span><\/p>\n<p><span style=\"color: #ffffff;\">GEOTHERMAL POWER is used for heating and cooling.<\/span><\/p>\n<p><span style=\"color: #ffffff;\">We operate a PAPER-FREE OFFICE.<\/span><\/p>\n<p><span style=\"color: #ffffff;\">LED LIGHTING is utilized everywhere in the hotel.<\/span><\/p>\n<p><span style=\"color: #ffffff;\">SOLAR PANELS provide some of the energy used for hot water.<\/span><\/p>\n<p><span style=\"color: #ffffff;\">We clean with ECO-FRIENDLY DETERGENTS.<\/span><\/p>\n<p><span style=\"color: #ffffff;\">We use RECYCLED PAPER ONLY, if necessary.<\/span><\/p>\n<p><span style=\"color: #ffffff;\">All fruit and vegetables are provided by LOCAL SUPPLIERS.<\/span><\/p>\n<p><span style=\"color: #ffffff;\">We CONSTANTLY MONITOR our energy consumption.<\/span><\/p>\n<p><span style=\"color: #ffffff;\">We use a GREEN LAUNDRY for all of our textiles.<\/span><\/p>\n<p><span style=\"color: #ffffff;\">HAZARDOUS WASTE is transported directly to dedicated waste yards.<\/span>[\/vc_column_text][\/vc_column_inner][\/vc_row_inner][\/vc_column][\/vc_row]\n<\/section>","protected":false},"excerpt":{"rendered":"<p>[vc_row el_class=&#8221;topslider&#8221;][vc_column el_class=&#8221;fullwidth&#8221;][tm_carousel_father theme=&#8221;content-over-slider&#8221; effect=&#8221;true&#8221; speed=&#8221;3500&#8243; dot=&#8221;false&#8221; arrow=&#8221;true&#8221;][tm_carousel_son titlesize=&#8221;35px&#8221; fontweight=&#8221;500&#8243; image_id=&#8221;3153&#8243; img_width=&#8221;100%&#8221; img_height=&#8221;600px&#8221; titleclr=&#8221;#ffffff&#8221; titlebgclr=&#8221;rgba(0,0,0,0.01)&#8221; logo_id=&#8221;3147&#8243; img_darkness=&#8221;50&#8243;][\/tm_carousel_son][\/tm_carousel_father][\/vc_column][\/vc_row][vc_row css_animation=&#8221;fadeIn&#8221; css=&#8221;.vc_custom_1543998537746{padding-top: 40px !important;padding-bottom: 0px !important;}&#8221;][vc_column css=&#8221;.vc_custom_1545040779753{margin-bottom: 20px !important;}&#8221;][vc_btn title=&#8221;ASZTAL FOGLAL\u00c1S&#8221; align=&#8221;center&#8221; link=&#8221;url:https%3A%2F%2Fcortile-skybar.resos.com%2Fbooking%3F_ga%3D2.13467831.1804545577.1680766067-898713147.1679981101|target:_blank&#8221;][vc_custom_heading text=&#8221;&#8221; font_container=&#8221;tag:p|text_align:center|color:%235a8482&#8243; use_theme_fonts=&#8221;yes&#8221; css=&#8221;.vc_custom_1591693865792{margin-bottom: 40px !important;}&#8221;][vc_column_text] V\u00e1runk sok szeretettel Budapest leg\u00fajabb roof top b\u00e1rj\u00e1ba, ahol bar\u00e1taid \u00e9s kedvenc italod mellett \u00e9lvezheted a kivil\u00e1g\u00edtott v\u00e1ros l\u00e1tv\u00e1ny\u00e1t&#8230;<\/p>\n","protected":false},"author":3,"featured_media":0,"parent":0,"menu_order":0,"comment_status":"closed","ping_status":"closed","template":"","meta":{"_acf_changed":false,"footnotes":""},"acf":[],"aioseo_notices":[],"_links":{"self":[{"href":"https:\/\/cortilebudapesthotel.com\/hu\/wp-json\/wp\/v2\/pages\/4370"}],"collection":[{"href":"https:\/\/cortilebudapesthotel.com\/hu\/wp-json\/wp\/v2\/pages"}],"about":[{"href":"https:\/\/cortilebudapesthotel.com\/hu\/wp-json\/wp\/v2\/types\/page"}],"author":[{"embeddable":true,"href":"https:\/\/cortilebudapesthotel.com\/hu\/wp-json\/wp\/v2\/users\/3"}],"replies":[{"embeddable":true,"href":"https:\/\/cortilebudapesthotel.com\/hu\/wp-json\/wp\/v2\/comments?post=4370"}],"version-history":[{"count":13,"href":"https:\/\/cortilebudapesthotel.com\/hu\/wp-json\/wp\/v2\/pages\/4370\/revisions"}],"predecessor-version":[{"id":5143,"href":"https:\/\/cortilebudapesthotel.com\/hu\/wp-json\/wp\/v2\/pages\/4370\/revisions\/5143"}],"wp:attachment":[{"href":"https:\/\/cortilebudapesthotel.com\/hu\/wp-json\/wp\/v2\/media?parent=4370"}],"curies":[{"name":"wp","href":"https:\/\/api.w.org\/{rel}","templated":true}]}}