{"id":4880,"date":"2024-05-23T12:50:37","date_gmt":"2024-05-23T12:50:37","guid":{"rendered":"https:\/\/cortilebudapesthotel.com\/?page_id=4880"},"modified":"2025-07-07T09:27:34","modified_gmt":"2025-07-07T09:27:34","slug":"junior-lakosztaly","status":"publish","type":"page","link":"https:\/\/cortilebudapesthotel.com\/hu\/junior-lakosztaly\/","title":{"rendered":"Junior Lakoszt\u00e1ly"},"content":{"rendered":"<section class=\"wpb-content-wrapper\">[vc_row el_class=&#8221;topslider roomslider&#8221;][vc_column el_class=&#8221;fullwidth&#8221;][tm_carousel_father theme=&#8221;content-over-slider&#8221; effect=&#8221;true&#8221; speed=&#8221;3500&#8243; arrowclr=&#8221;#ffffff&#8221; dot=&#8221;false&#8221; arrow=&#8221;true&#8221;][tm_carousel_son titlesize=&#8221;&#8221; fontweight=&#8221;600&#8243; image_id=&#8221;3873&#8243; img_darkness=&#8221;10&#8243; img_width=&#8221;100%&#8221; img_height=&#8221;500px&#8221; titleclr=&#8221;#99a53f&#8221; title=&#8221;JUNIOR LAKOSZT\u00c1LY&#8221;][\/tm_carousel_son][\/tm_carousel_father][\/vc_column][\/vc_row][vc_row css=&#8221;.vc_custom_1543508537599{margin-top: 100px !important;}&#8221;][vc_column][vc_column_text]\n<p style=\"text-align: center;\">Egyedi \u00e9s modern kialak\u00edt\u00e1s\u00fa Junior lakoszt\u00e1lyaink a bels\u0151 udvarra n\u00e9znek, \u00e9s kanap\u00e9val rendelkeznek.<\/p>\n[\/vc_column_text][vc_row_inner disable_element=&#8221;yes&#8221; el_class=&#8221;szobatipus&#8221; css=&#8221;.vc_custom_1641902271063{padding-top: -30px !important;}&#8221;][vc_column_inner][vc_column_text el_class=&#8221;kozepre&#8221;]<a class=\"mainbtn greentransparent aktiv\" style=\"margin-top: 25px;\" href=\"https:\/\/cortilebudapesthotel.com\/hu\/flora\/\">STANDARD<\/a><a class=\"mainbtn greentransparent\" style=\"margin-top: 0px;\" href=\"https:\/\/cortilebudapesthotel.com\/flora-deluxe\/\">DELUXE<\/a><a class=\"mainbtn greentransparent\" style=\"margin-top: 0px;\" href=\"https:\/\/cortilebudapesthotel.com\/flora-junior\/\">JUNIOR SUITE<\/a>[\/vc_column_text][\/vc_column_inner][\/vc_row_inner][\/vc_column][\/vc_row][vc_row el_class=&#8221;wrappbigger szobaikonok&#8221; css=&#8221;.vc_custom_1534426575105{margin-bottom: 50px !important;}&#8221;][vc_column][vc_row_inner content_placement=&#8221;middle&#8221;][vc_column_inner el_class=&#8221;cortile-icon-block&#8221; width=&#8221;1\/4&#8243;][vc_icon type=&#8221;icomoon&#8221; color=&#8221;custom&#8221; size=&#8221;lg&#8221; align=&#8221;right&#8221; icon_icomoon=&#8221;icomoon icomoon-wifi&#8221; custom_color=&#8221;#5a8482&#8243; el_class=&#8221;cortile-icon-block&#8221;][vc_column_text]\n<p style=\"text-align: left;\">Wifi<\/p>\n[\/vc_column_text][\/vc_column_inner][vc_column_inner el_class=&#8221;cortile-icon-block&#8221; width=&#8221;1\/4&#8243;][vc_icon type=&#8221;icomoon&#8221; color=&#8221;custom&#8221; size=&#8221;lg&#8221; align=&#8221;right&#8221; icon_icomoon=&#8221;icomoon icomoon-AC&#8221; custom_color=&#8221;#5a8482&#8243; el_class=&#8221;cortile-icon-block&#8221;][vc_column_text]\n<p style=\"text-align: left;\">Kl\u00edmavez\u00e9rl\u00e9s<\/p>\n[\/vc_column_text][\/vc_column_inner][vc_column_inner el_class=&#8221;cortile-icon-block&#8221; width=&#8221;1\/4&#8243;][vc_icon type=&#8221;icomoon&#8221; color=&#8221;custom&#8221; size=&#8221;lg&#8221; align=&#8221;right&#8221; custom_color=&#8221;#5a8482&#8243; icon_icomoon=&#8221;icomoon icomoon-soundproof&#8221; el_class=&#8221;cortile-icon-block&#8221;][vc_column_text]\n<p style=\"text-align: left;\">Hangszigetelt<\/p>\n[\/vc_column_text][\/vc_column_inner][vc_column_inner el_class=&#8221;cortile-icon-block&#8221; width=&#8221;1\/4&#8243;][vc_icon type=&#8221;icomoon&#8221; color=&#8221;custom&#8221; size=&#8221;lg&#8221; align=&#8221;right&#8221; icon_icomoon=&#8221;icomoon icomoon-tv&#8221; custom_color=&#8221;#5a8482&#8243; el_class=&#8221;cortile-icon-block&#8221;][vc_column_text]\n<p style=\"text-align: left;\">Okos TV<\/p>\n[\/vc_column_text][\/vc_column_inner][\/vc_row_inner][vc_empty_space el_class=&#8221;icon-space&#8221;][vc_row_inner][vc_column_inner el_class=&#8221;cortile-icon-block&#8221; width=&#8221;1\/4&#8243;][vc_icon type=&#8221;icomoon&#8221; color=&#8221;custom&#8221; size=&#8221;lg&#8221; align=&#8221;right&#8221; icon_icomoon=&#8221;icomoon icomoon-shower&#8221; custom_color=&#8221;#5a8482&#8243;][vc_column_text]K\u00fcsz\u00f6b n\u00e9lk\u00fcli zuhany[\/vc_column_text][\/vc_column_inner][vc_column_inner el_class=&#8221;cortile-icon-block&#8221; width=&#8221;1\/4&#8243;][vc_icon type=&#8221;icomoon&#8221; color=&#8221;custom&#8221; size=&#8221;lg&#8221; align=&#8221;right&#8221; custom_color=&#8221;#5a8482&#8243; icon_icomoon=&#8221;icomoon icomoon-coffee&#8221;][vc_column_text]Nespresso[\/vc_column_text][\/vc_column_inner][vc_column_inner el_class=&#8221;cortile-icon-block&#8221; width=&#8221;1\/4&#8243;][vc_icon type=&#8221;icomoon&#8221; color=&#8221;custom&#8221; size=&#8221;lg&#8221; align=&#8221;right&#8221; custom_color=&#8221;#5a8482&#8243; icon_icomoon=&#8221;icomoon icomoon-kopeny&#8221;][vc_column_text]F\u00fcrd\u0151k\u00f6peny \u00e9s papucs[\/vc_column_text][\/vc_column_inner][vc_column_inner el_class=&#8221;cortile-icon-block&#8221; width=&#8221;1\/4&#8243;][vc_icon type=&#8221;icomoon&#8221; color=&#8221;custom&#8221; size=&#8221;lg&#8221; align=&#8221;right&#8221; custom_color=&#8221;#5a8482&#8243; icon_icomoon=&#8221;icomoon icomoon-room&#8221;][vc_column_text]33m<sup>2<\/sup>[\/vc_column_text][\/vc_column_inner][\/vc_row_inner][vc_empty_space el_class=&#8221;icon-space&#8221;][vc_row_inner][vc_column_inner el_class=&#8221;cortile-icon-block&#8221; width=&#8221;1\/4&#8243;][vc_icon type=&#8221;icomoon&#8221; color=&#8221;custom&#8221; size=&#8221;lg&#8221; align=&#8221;right&#8221; icon_icomoon=&#8221;icomoon icomoon-bed&#8221; custom_color=&#8221;#5a8482&#8243;][vc_column_text]\u00c1gy 180&#215;200 cm[\/vc_column_text][\/vc_column_inner][vc_column_inner el_class=&#8221;cortile-icon-block&#8221; width=&#8221;1\/4&#8243;][vc_icon type=&#8221;icomoon&#8221; color=&#8221;custom&#8221; size=&#8221;lg&#8221; align=&#8221;right&#8221; custom_color=&#8221;#5a8482&#8243; icon_icomoon=&#8221;icomoon icomoon-csengo&#8221;][vc_column_text]16-\u00f3r\u00e1s Szobaszerv\u00edz[\/vc_column_text][\/vc_column_inner][\/vc_row_inner][\/vc_column][\/vc_row][vc_row content_placement=&#8221;middle&#8221; css_animation=&#8221;fadeIn&#8221; el_class=&#8221;twosidesection righttext&#8221; css=&#8221;.vc_custom_1641903349155{background-image: url(https:\/\/cortilebudapesthotel.com\/wp-content\/uploads\/2019\/12\/Cortile-Budapest-Hotel-Sky-Junior-Suite-Boutique-Hotel-Design-Rooms-2.jpg?id=3020) !important;}&#8221;][vc_column el_class=&#8221;fullwidth&#8221;][vc_row_inner][vc_column_inner width=&#8221;1\/3&#8243;][\/vc_column_inner][vc_column_inner width=&#8221;1\/3&#8243;][\/vc_column_inner][vc_column_inner el_class=&#8221;textcontainer&#8221; width=&#8221;1\/3&#8243;][vc_custom_heading text=&#8221;minden, amire sz\u00fcks\u00e9ged van&#8221; font_container=&#8221;tag:h2|text_align:left|color:%2399a53f&#8221; use_theme_fonts=&#8221;yes&#8221;][vc_column_text]A karcs\u00fa, intelligens kialak\u00edt\u00e1s lehet\u0151v\u00e9 teszi, hogy a lehet\u0151 legt\u00f6bbet hozza ki a pihen\u00e9sb\u0151l. A t\u00e1gas szoba biztos\u00edtja \u00d6nnek a sz\u00fcks\u00e9ges k\u00e9nyelmet \u00e9s a meg\u00e9rdemelt nyugalmat. A t\u00e1gas szoba biztos\u00edtja Neked a sz\u00fcks\u00e9ges k\u00e9nyelmet \u00e9s a meg\u00e9rdemelt nyugalmat. Emeld tart\u00f3zkod\u00e1sodat a k\u00f6vetkez\u0151 szintre a Junior lakoszt\u00e1lyok egyik\u00e9vel.[\/vc_column_text][\/vc_column_inner][\/vc_row_inner][\/vc_column][\/vc_row][vc_row css_animation=&#8221;fadeIn&#8221; css=&#8221;.vc_custom_1543834561153{margin-top: 40px !important;margin-bottom: 80px !important;}&#8221;][vc_column][vc_icon type=&#8221;icomoon&#8221; color=&#8221;custom&#8221; size=&#8221;xl&#8221; align=&#8221;center&#8221; icon_icomoon=&#8221;icomoon icomoon-csengo&#8221; custom_color=&#8221;#5a8482&#8243;][vc_custom_heading text=&#8221;Garant\u00e1ljuk a legjobb \u00e1rat&#8221; font_container=&#8221;tag:h2|text_align:center|color:%2399a53f&#8221; use_theme_fonts=&#8221;yes&#8221;][vc_column_text]\n<p style=\"text-align: center;\"><span class=\"textcontent\">Nagyszer\u0171, megtal\u00e1ltad a legjobb m\u00f3dj\u00e1t annak, hogy lefoglald a szob\u00e1inkat. Biztos\u00edtsd most a foglal\u00e1st, \u00e9s fizess k\u00e9s\u0151bb!<\/span><\/p>\n[\/vc_column_text][vc_btn title=&#8221;FOGLALJ K\u00d6ZVETLEN\u00dcL KEDVEZ\u0150BB \u00c1RON&#8221; color=&#8221;default&#8221; size=&#8221;lg&#8221; align=&#8221;center&#8221; link=&#8221;url:https%3A%2F%2Fbe.synxis.com%2F%3Fchain%3D5375%26hotel%3D6578%26locale%3Dhu-HU||target:%20_blank|&#8221; el_class=&#8221;greenbtn&#8221;][\/vc_column][\/vc_row][vc_row content_placement=&#8221;middle&#8221; css_animation=&#8221;fadeIn&#8221; el_class=&#8221;twosidesection lefttext&#8221; css=&#8221;.vc_custom_1641903456587{background-image: url(https:\/\/cortilebudapesthotel.com\/wp-content\/uploads\/2019\/11\/Cortile-Budapest-Hotel-Terra-Junior-Suite-Room-slider.jpg?id=2723) !important;}&#8221;][vc_column el_class=&#8221;fullwidth&#8221;][vc_row_inner][vc_column_inner el_class=&#8221;textcontainer&#8221; width=&#8221;1\/3&#8243;][vc_custom_heading text=&#8221;HAT\u00c1RTALAN KIKAPCSOL\u00d3D\u00c1S&#8221; font_container=&#8221;tag:h2|text_align:left|color:%2399a53f&#8221; use_theme_fonts=&#8221;yes&#8221;][vc_column_text]T\u00e1gas Junior lakoszt\u00e1lyunk rengeteg mindent k\u00edn\u00e1l, hogy maxim\u00e1lisan ki\u00e9lvezhesd itt tart\u00f3zkod\u00e1sodat. Egy hossz\u00fa nap ut\u00e1n hagyd, hogy a szoba gondoskodjon R\u00f3lad, \u00e9s \u00e9lvezd mind a szoba adta szolg\u00e1ltat\u00e1sokat, bele\u00e9rtve a zuhanyz\u00f3t \u00e9s a pihen\u0151helyet a st\u00edlusos kanap\u00e9val.[\/vc_column_text][\/vc_column_inner][vc_column_inner width=&#8221;1\/3&#8243;][\/vc_column_inner][vc_column_inner width=&#8221;1\/3&#8243;][\/vc_column_inner][\/vc_row_inner][\/vc_column][\/vc_row][vc_row][vc_column el_class=&#8221;fullwidth&#8221;]<div class=\"room-style-selector-with-text\">\n\t\t\t\t<div class=\"room-style-selector\" data-background-active=\"false\">\n\t\t\t\t\n\t\t\t\t\t<div class=\"rss-bg\"><div class=\"bg-item\" data-index=\"1\" style=\"background-image:url(https:\/\/cortilebudapesthotel.com\/wp-content\/uploads\/2019\/12\/Cortile-Budapest-Hotel-Flora-Suite-Boutique-Hotel-Design-Rooms-1-1.jpg);\"><\/div><div class=\"bg-item\" data-index=\"2\" style=\"background-image:url(https:\/\/cortilebudapesthotel.com\/wp-content\/uploads\/2019\/12\/Cortile-Budapest-Hotel-Moss-Deluxe-Room-Boutique-Hotel-Design-Rooms-1.jpg);\"><\/div><div class=\"bg-item\" data-index=\"3\" style=\"background-image:url(https:\/\/cortilebudapesthotel.com\/wp-content\/uploads\/2019\/12\/Cortile-Budapest-Hotel-Sky-Double-Room-Boutique-Hotel-Design-Rooms-2.jpg);\"><\/div><div class=\"bg-item\" data-index=\"4\" style=\"background-image:url(https:\/\/cortilebudapesthotel.com\/wp-content\/uploads\/2019\/11\/Cortile-Budapest-Hotel-Terra-Junior-Suite-Room-slider-1.jpg);\"><\/div><\/div>\n\t\t\t\t\t<div class=\"rss-fg\"><a class=\"fg-item\" data-index=\"1\" href=\"flora\" >\n\t\t\t\t\t\t\t\t<div class=\"fg-background\" style=\"background-image:url(https:\/\/cortilebudapesthotel.com\/wp-content\/uploads\/2019\/12\/Cortile-Budapest-Hotel-Flora-Suite-Boutique-Hotel-Design-Rooms-1-1.jpg);\"><\/div>\n\t\t\t\t\t\t\t\t<div class=\"fg-box\">\n\t\t\t\t\t\t\t\t\t<h3 class=\"fg-box-title\">FLORA<\/h3>\n\t\t\t\t\t\t\t\t\t<div class=\"fg-box-content\">Gazdag, Dzsungel, Sz\u00ednes<\/div>\n\t\t\t\t\t\t\t\t\t<div class=\"fg-box-lines\" style=\"border-color:#5a8482;background-color:#5a8482;\" ><\/div>\n\t\t\t\t\t\t\t\t<\/div>\n\t\t\t\t\t\t\t\t<div class=\"fg-box-overlay\" style=\"background-color:#5a8482;\"><\/div>\n\t\t\t\t\t\t\t<\/a><a class=\"fg-item\" data-index=\"2\" href=\"moss\" >\n\t\t\t\t\t\t\t\t<div class=\"fg-background\" style=\"background-image:url(https:\/\/cortilebudapesthotel.com\/wp-content\/uploads\/2019\/12\/Cortile-Budapest-Hotel-Moss-Deluxe-Room-Boutique-Hotel-Design-Rooms-1.jpg);\"><\/div>\n\t\t\t\t\t\t\t\t<div class=\"fg-box\">\n\t\t\t\t\t\t\t\t\t<h3 class=\"fg-box-title\">MOSS<\/h3>\n\t\t\t\t\t\t\t\t\t<div class=\"fg-box-content\">Z\u00f6ld, Medit\u00e1ci\u00f3, \u00c9rint\u00e9s<\/div>\n\t\t\t\t\t\t\t\t\t<div class=\"fg-box-lines\" style=\"border-color:#97a33e;background-color:#97a33e;\" ><\/div>\n\t\t\t\t\t\t\t\t<\/div>\n\t\t\t\t\t\t\t\t<div class=\"fg-box-overlay\" style=\"background-color:#97a33e;\"><\/div>\n\t\t\t\t\t\t\t<\/a><a class=\"fg-item\" data-index=\"3\" href=\"sky\" >\n\t\t\t\t\t\t\t\t<div class=\"fg-background\" style=\"background-image:url(https:\/\/cortilebudapesthotel.com\/wp-content\/uploads\/2019\/12\/Cortile-Budapest-Hotel-Sky-Double-Room-Boutique-Hotel-Design-Rooms-2.jpg);\"><\/div>\n\t\t\t\t\t\t\t\t<div class=\"fg-box\">\n\t\t\t\t\t\t\t\t\t<h3 class=\"fg-box-title\">SKY<\/h3>\n\t\t\t\t\t\t\t\t\t<div class=\"fg-box-content\">Tiszta, \u00c1lom, F\u00e9ny<\/div>\n\t\t\t\t\t\t\t\t\t<div class=\"fg-box-lines\" style=\"border-color:#007dbd;background-color:#007dbd;\" ><\/div>\n\t\t\t\t\t\t\t\t<\/div>\n\t\t\t\t\t\t\t\t<div class=\"fg-box-overlay\" style=\"background-color:#007dbd;\"><\/div>\n\t\t\t\t\t\t\t<\/a><a class=\"fg-item\" data-index=\"4\" href=\"terra\" >\n\t\t\t\t\t\t\t\t<div class=\"fg-background\" style=\"background-image:url(https:\/\/cortilebudapesthotel.com\/wp-content\/uploads\/2019\/11\/Cortile-Budapest-Hotel-Terra-Junior-Suite-Room-slider-1.jpg);\"><\/div>\n\t\t\t\t\t\t\t\t<div class=\"fg-box\">\n\t\t\t\t\t\t\t\t\t<h3 class=\"fg-box-title\">TERRA<\/h3>\n\t\t\t\t\t\t\t\t\t<div class=\"fg-box-content\">F\u00f6ld, Sz\u00e9l, T\u0171z<\/div>\n\t\t\t\t\t\t\t\t\t<div class=\"fg-box-lines\" style=\"border-color:#ba441f;background-color:#ba441f;\" ><\/div>\n\t\t\t\t\t\t\t\t<\/div>\n\t\t\t\t\t\t\t\t<div class=\"fg-box-overlay\" style=\"background-color:#ba441f;\"><\/div>\n\t\t\t\t\t\t\t<\/a><\/div>\n\t\t\t\t\t<\/div>\n\t\t\t\t<div class=\"room-style-selector-text\">\n\t\t\t\t\t<div class=\"rss-content-div\">\n\t\t\t\t\t\t<h2>V\u00c1LASZD KI A ST\u00cdLUSODAT!<\/h2>\n\t\t\t\t\t\t<div class=\"rss-content\">Tudjuk, hogy neh\u00e9z. Mindegyik szoba olyan nagyszer\u0171en n\u00e9z ki! Azonban kell lennie egynek, amely a legk\u00f6zelebb \u00e1ll hozz\u00e1d. K\u00e9rj\u00fck, tudasd ezt vel\u00fcnk foglal\u00e1skor. Vedd figyelembe, hogy bizonyos esetekben lehet, hogy nem tudjuk biztos\u00edtani a k\u00edv\u00e1nt szobast\u00edlust.<\/div>\n\t\t\t\t\t<\/div>\n\t\t\t\t<\/div>\n\t\t\t\t<\/div>[\/vc_column][\/vc_row]\n<\/section>","protected":false},"excerpt":{"rendered":"<p>[vc_row el_class=&#8221;topslider roomslider&#8221;][vc_column el_class=&#8221;fullwidth&#8221;][tm_carousel_father theme=&#8221;content-over-slider&#8221; effect=&#8221;true&#8221; speed=&#8221;3500&#8243; arrowclr=&#8221;#ffffff&#8221; dot=&#8221;false&#8221; arrow=&#8221;true&#8221;][tm_carousel_son titlesize=&#8221;&#8221; fontweight=&#8221;600&#8243; image_id=&#8221;3873&#8243; img_darkness=&#8221;10&#8243; img_width=&#8221;100%&#8221; img_height=&#8221;500px&#8221; titleclr=&#8221;#99a53f&#8221; title=&#8221;JUNIOR LAKOSZT\u00c1LY&#8221;][\/tm_carousel_son][\/tm_carousel_father][\/vc_column][\/vc_row][vc_row css=&#8221;.vc_custom_1543508537599{margin-top: 100px !important;}&#8221;][vc_column][vc_column_text] Egyedi \u00e9s modern kialak\u00edt\u00e1s\u00fa Junior lakoszt\u00e1lyaink a bels\u0151 udvarra n\u00e9znek, \u00e9s kanap\u00e9val rendelkeznek. [\/vc_column_text][vc_row_inner disable_element=&#8221;yes&#8221; el_class=&#8221;szobatipus&#8221; css=&#8221;.vc_custom_1641902271063{padding-top: -30px !important;}&#8221;][vc_column_inner][vc_column_text el_class=&#8221;kozepre&#8221;]STANDARDDELUXEJUNIOR SUITE[\/vc_column_text][\/vc_column_inner][\/vc_row_inner][\/vc_column][\/vc_row][vc_row el_class=&#8221;wrappbigger szobaikonok&#8221; css=&#8221;.vc_custom_1534426575105{margin-bottom: 50px !important;}&#8221;][vc_column][vc_row_inner content_placement=&#8221;middle&#8221;][vc_column_inner el_class=&#8221;cortile-icon-block&#8221; width=&#8221;1\/4&#8243;][vc_icon type=&#8221;icomoon&#8221; color=&#8221;custom&#8221; size=&#8221;lg&#8221; align=&#8221;right&#8221;&#8230;<\/p>\n","protected":false},"author":3,"featured_media":0,"parent":0,"menu_order":0,"comment_status":"closed","ping_status":"closed","template":"page-templates\/flora.php","meta":{"_acf_changed":false,"footnotes":""},"acf":[],"aioseo_notices":[],"_links":{"self":[{"href":"https:\/\/cortilebudapesthotel.com\/hu\/wp-json\/wp\/v2\/pages\/4880"}],"collection":[{"href":"https:\/\/cortilebudapesthotel.com\/hu\/wp-json\/wp\/v2\/pages"}],"about":[{"href":"https:\/\/cortilebudapesthotel.com\/hu\/wp-json\/wp\/v2\/types\/page"}],"author":[{"embeddable":true,"href":"https:\/\/cortilebudapesthotel.com\/hu\/wp-json\/wp\/v2\/users\/3"}],"replies":[{"embeddable":true,"href":"https:\/\/cortilebudapesthotel.com\/hu\/wp-json\/wp\/v2\/comments?post=4880"}],"version-history":[{"count":8,"href":"https:\/\/cortilebudapesthotel.com\/hu\/wp-json\/wp\/v2\/pages\/4880\/revisions"}],"predecessor-version":[{"id":5135,"href":"https:\/\/cortilebudapesthotel.com\/hu\/wp-json\/wp\/v2\/pages\/4880\/revisions\/5135"}],"wp:attachment":[{"href":"https:\/\/cortilebudapesthotel.com\/hu\/wp-json\/wp\/v2\/media?parent=4880"}],"curies":[{"name":"wp","href":"https:\/\/api.w.org\/{rel}","templated":true}]}}